{"id":16959,"date":"2024-07-03T12:00:38","date_gmt":"2024-07-03T16:00:38","guid":{"rendered":"https:\/\/boscoville1stg.wpenginepowered.com\/?page_id=16959"},"modified":"2026-03-23T10:38:40","modified_gmt":"2026-03-23T14:38:40","slug":"psychoeducative-model-online-training","status":"publish","type":"page","link":"https:\/\/www.boscoville.ca\/en\/boscoville-services\/online-training-psychosocial-model\/psychoeducative-model-online-training\/","title":{"rendered":"Planning and Post-Intervention Evaluation of a Psychoeducational Activity : Online Training"},"content":{"rendered":"\n<h2 class=\"wp-block-heading\">Master the principles of the <strong>psychoeducational model<\/strong> for the planning and evaluation of a <strong>psychoeducational activity<\/strong>.<\/h2>\n\n\n\n<h3 class=\"wp-block-heading\" id=\"objectif-de-la-formation\">Training\u202f<strong>Objectives<\/strong><\/h3>\n\n\n\n<p>This online, self-paced training of approximately 10.5 hours aims to help you develop the skills needed to understand and apply the principles of the psychoeducational model for the planning and evaluation of psychoeducational activities.<\/p>\n\n\n\n<div class=\"wp-block-buttons is-layout-flex wp-block-buttons-is-layout-flex\">\n<div class=\"wp-block-button\"><a class=\"wp-block-button__link wp-element-button\" href=\"https:\/\/boscoville.odoo.com\/shop\/training-planning-and-post-intervention-evaluation-of-a-psychoeducational-activity-155\" target=\"_blank\" rel=\"noopener\"><strong>Register Now  <\/strong><\/a><\/div>\n<\/div>\n\n\n\n<div style=\"height:15px\" aria-hidden=\"true\" class=\"wp-block-spacer\"><\/div>\n\n\n\n<div class=\"wp-block-columns is-layout-flex wp-container-core-columns-is-layout-28f84493 wp-block-columns-is-layout-flex\">\n<div class=\"wp-block-column is-layout-flow wp-block-column-is-layout-flow\">\n<h3 class=\"wp-block-heading\" id=\"description-de-la-formation\">Training <strong>Description<\/strong> <\/h3>\n\n\n\n<p id=\"description-de-la-formation\">This training integrates the key concepts of the psychoeducational model and adopts an accessible and popularized teaching approach. The learner will benefit from short reading periods, videos of experts and clinicians, comprehension exercises, frequently asked questions about practice and concrete tools for the planning and evaluation of a psychoeducational activity. Topics covered include:<\/p>\n\n\n\n<ul class=\"wp-block-list\">\n<li><strong>The basic&nbsp;concepts of the psychoeducational model:&nbsp;<\/strong>notions of balance, level of challenges, interactions, etc.\u202f&nbsp;<\/li>\n\n\n\n<li><strong>The Overall structure:<\/strong>&nbsp;the 13 components of the overall structure, their usefulness, how to apply them to plan an activity, etc.\u202f\u202f<\/li>\n\n\n\n<li><strong>Animation:<\/strong> what to do once the activity has been planned?<\/li>\n\n\n\n<li><strong>Post-intervention\u202fevaluation:<\/strong>&nbsp;understanding what an evaluation is, its dimensions, and how to carry it out following an activity.\u202f&nbsp;<\/li>\n<\/ul>\n<\/div>\n\n\n\n<div class=\"wp-block-column is-layout-flow wp-block-column-is-layout-flow\">\n<figure class=\"wp-block-video\"><video height=\"2160\" style=\"aspect-ratio: 3840 \/ 2160;\" width=\"3840\" autoplay muted src=\"https:\/\/www.boscoville.ca\/wp-content\/uploads\/2024\/07\/Computer-Mockup-Banniere-moyenne-US-Paysage.mp4\"><\/video><\/figure>\n\n\n\n<div style=\"height:5px\" aria-hidden=\"true\" class=\"wp-block-spacer\"><\/div>\n\n\n\n<p class=\"has-large-font-size\"><strong>Develop a deeper understanding and stronger practice of psychoeducational activities.<\/strong>&nbsp;&nbsp;<\/p>\n\n\n\n<div class=\"wp-block-buttons is-content-justification-center is-layout-flex wp-container-core-buttons-is-layout-a89b3969 wp-block-buttons-is-layout-flex\">\n<div class=\"wp-block-button has-custom-width wp-block-button__width-75\"><a class=\"wp-block-button__link wp-element-button\" href=\"https:\/\/boscoville.odoo.com\/shop\/training-planning-and-post-intervention-evaluation-of-a-psychoeducational-activity-155\" target=\"_blank\" rel=\"noopener\"><strong>Register Now<\/strong> <\/a><\/div>\n<\/div>\n<\/div>\n<\/div>\n\n\n\n<div style=\"height:15px\" aria-hidden=\"true\" class=\"wp-block-spacer\"><\/div>\n\n\n\n<h3 class=\"wp-block-heading\" id=\"avantages\"><strong>Benefits <\/strong>and <strong>Ressources <\/strong>inclused in the Training<strong>\u202f<\/strong><\/h3>\n\n\n\n<div class=\"wp-block-columns is-layout-flex wp-container-core-columns-is-layout-28f84493 wp-block-columns-is-layout-flex\">\n<div class=\"wp-block-column is-layout-flow wp-block-column-is-layout-flow\">\n<p class=\"has-large-font-size\"><strong>Lifetime<\/strong>&nbsp;access to the platform&nbsp;<\/p>\n\n\n\n<p class=\"has-large-font-size\"><strong>Support<\/strong>&nbsp;tools to formulate objectives&nbsp;<\/p>\n\n\n\n<p class=\"has-large-font-size\"><strong>10.5<\/strong>-hour training certificate&nbsp;&nbsp;<\/p>\n\n\n\n<p class=\"has-large-font-size\"><strong>Useful<\/strong> tools for planning psychoeducational activities&nbsp;<\/p>\n\n\n\n<p class=\"has-large-font-size\">Numerous&nbsp;<strong>videos<\/strong>&nbsp;from experts and clinicians<\/p>\n\n\n\n<p class=\"has-large-font-size\"><strong>Popularized<\/strong>&nbsp;contents on the psychoeducational model&nbsp;<\/p>\n<\/div>\n<\/div>\n\n\n\n<div class=\"wp-block-buttons is-content-justification-center is-layout-flex wp-container-core-buttons-is-layout-a89b3969 wp-block-buttons-is-layout-flex\">\n<div class=\"wp-block-button\"><a class=\"wp-block-button__link has-text-align-center wp-element-button\" href=\"https:\/\/boscoville.odoo.com\/shop\/training-planning-and-post-intervention-evaluation-of-a-psychoeducational-activity-155\" target=\"_blank\" rel=\"noopener\"><strong>Register Now <\/strong><\/a><\/div>\n<\/div>\n\n\n\n<div style=\"height:30px\" aria-hidden=\"true\" class=\"wp-block-spacer\"><\/div>\n\n\n\n<h3 class=\"wp-block-heading\"><strong>Exclusive <\/strong>Rates <\/h3>\n\n\n\n<div class=\"wp-block-columns is-layout-flex wp-container-core-columns-is-layout-28f84493 wp-block-columns-is-layout-flex\">\n<div class=\"wp-block-column is-layout-flow wp-block-column-is-layout-flow\">\n<h5 class=\"wp-block-heading\">Members of <strong>CISSS <\/strong>and <strong>CIUSSS<\/strong><\/h5>\n\n\n\n<div class=\"wp-block-media-text is-stacked-on-mobile\" style=\"grid-template-columns:51% auto\"><figure class=\"wp-block-media-text__media\"><img loading=\"lazy\" decoding=\"async\" width=\"1024\" height=\"1024\" src=\"https:\/\/www.boscoville.ca\/wp-content\/uploads\/2024\/08\/Communaute-pratique-LOTUS-1-2-1024x1024.png\" alt=\"\" class=\"wp-image-15485 size-full\" title=\"\" srcset=\"https:\/\/www.boscoville.ca\/wp-content\/uploads\/2024\/08\/Communaute-pratique-LOTUS-1-2-1024x1024.png 1024w, https:\/\/www.boscoville.ca\/wp-content\/uploads\/2024\/08\/Communaute-pratique-LOTUS-1-2-300x300.png 300w, https:\/\/www.boscoville.ca\/wp-content\/uploads\/2024\/08\/Communaute-pratique-LOTUS-1-2-150x150.png 150w, https:\/\/www.boscoville.ca\/wp-content\/uploads\/2024\/08\/Communaute-pratique-LOTUS-1-2-768x768.png 768w, https:\/\/www.boscoville.ca\/wp-content\/uploads\/2024\/08\/Communaute-pratique-LOTUS-1-2.png 1080w\" sizes=\"auto, (max-width: 1024px) 100vw, 1024px\" \/><\/figure><div class=\"wp-block-media-text__content\">\n<p class=\"has-small-font-size\">Do you work in a&nbsp;<strong>CISSS<\/strong>&nbsp;or&nbsp;<strong>CIUSSS<\/strong>? Are you a&nbsp;<strong>health professional<\/strong>?&nbsp;<\/p>\n\n\n\n<p class=\"has-small-font-size\">Take advantage of our exclusive rate for members of&nbsp;<strong>CISSSs&nbsp;<\/strong>and&nbsp;<strong>CIUSSSs<\/strong>! Contact us now at the following email address:<br><a href=\"mailto:serviceclient@boscoville.ca\" target=\"_blank\" rel=\"noreferrer noopener\">serviceclient@boscoville.ca<\/a><\/p>\n<\/div><\/div>\n<\/div>\n\n\n\n<div class=\"wp-block-column is-layout-flow wp-block-column-is-layout-flow\">\n<h5 class=\"wp-block-heading\"><strong>Students <\/strong>and <strong>Faculty <\/strong>Members <\/h5>\n\n\n\n<div class=\"wp-block-media-text is-stacked-on-mobile\" style=\"grid-template-columns:49% auto\"><figure class=\"wp-block-media-text__media\"><img loading=\"lazy\" decoding=\"async\" width=\"1024\" height=\"1024\" src=\"https:\/\/www.boscoville.ca\/wp-content\/uploads\/2024\/08\/Pinpo-2-1-1024x1024.png\" alt=\"\" class=\"wp-image-15487 size-full\" title=\"\" srcset=\"https:\/\/www.boscoville.ca\/wp-content\/uploads\/2024\/08\/Pinpo-2-1-1024x1024.png 1024w, https:\/\/www.boscoville.ca\/wp-content\/uploads\/2024\/08\/Pinpo-2-1-300x300.png 300w, https:\/\/www.boscoville.ca\/wp-content\/uploads\/2024\/08\/Pinpo-2-1-150x150.png 150w, https:\/\/www.boscoville.ca\/wp-content\/uploads\/2024\/08\/Pinpo-2-1-768x768.png 768w, https:\/\/www.boscoville.ca\/wp-content\/uploads\/2024\/08\/Pinpo-2-1.png 1080w\" sizes=\"auto, (max-width: 1024px) 100vw, 1024px\" \/><\/figure><div class=\"wp-block-media-text__content\">\n<p class=\"has-small-font-size\">Are you a&nbsp;<strong>university<\/strong>&nbsp;<strong>student<\/strong>,&nbsp;<strong>professor<\/strong>&nbsp;or&nbsp;<strong>faculty member<\/strong>?&nbsp;<\/p>\n\n\n\n<p class=\"has-small-font-size\">Take advantage of our special rate for&nbsp;<strong>university<\/strong>&nbsp;and&nbsp;<strong>CEGEP<\/strong>&nbsp;environments!&nbsp;Contact us now at the following email address:<br><a href=\"mailto:serviceclient@boscoville.ca\" target=\"_blank\" rel=\"noreferrer noopener\">serviceclient@boscoville.ca<\/a><\/p>\n<\/div><\/div>\n<\/div>\n<\/div>\n\n\n\n<div class=\"wp-block-buttons is-content-justification-center is-layout-flex wp-container-core-buttons-is-layout-a89b3969 wp-block-buttons-is-layout-flex\">\n<div class=\"wp-block-button\"><a class=\"wp-block-button__link wp-element-button\" href=\"https:\/\/boscoville.odoo.com\/shop\/training-planning-and-post-intervention-evaluation-of-a-psychoeducational-activity-155\" target=\"_blank\" rel=\"noopener\"><strong>Register Now<\/strong> <\/a><\/div>\n<\/div>\n\n\n\n<div style=\"height:30px\" aria-hidden=\"true\" class=\"wp-block-spacer\"><\/div>\n\n\n\n<h2 class=\"wp-block-heading\">Liens <strong>utiles<\/strong><\/h2>\n\n\n\n<div class=\"wp-block-columns is-layout-flex wp-container-core-columns-is-layout-28f84493 wp-block-columns-is-layout-flex\">\n<div class=\"wp-block-column is-layout-flow wp-block-column-is-layout-flow\" style=\"flex-basis:33.33%\">\n<figure class=\"wp-block-image size-full is-resized\"><img loading=\"lazy\" decoding=\"async\" width=\"848\" height=\"602\" src=\"https:\/\/www.boscoville.ca\/wp-content\/uploads\/2024\/07\/IMAGEGLOSSAIREnuage-de-mots-1.png\" alt=\"mots du glossaire\" class=\"wp-image-14566\" style=\"width:auto;height:200px\" title=\"\" srcset=\"https:\/\/www.boscoville.ca\/wp-content\/uploads\/2024\/07\/IMAGEGLOSSAIREnuage-de-mots-1.png 848w, https:\/\/www.boscoville.ca\/wp-content\/uploads\/2024\/07\/IMAGEGLOSSAIREnuage-de-mots-1-300x213.png 300w, https:\/\/www.boscoville.ca\/wp-content\/uploads\/2024\/07\/IMAGEGLOSSAIREnuage-de-mots-1-768x545.png 768w\" sizes=\"auto, (max-width: 848px) 100vw, 848px\" \/><\/figure>\n<\/div>\n\n\n\n<div class=\"wp-block-column is-layout-flow wp-block-column-is-layout-flow\" style=\"flex-basis:66.66%\">\n<h3 class=\"wp-block-heading has-large-font-size\">Glossary of Psychoeducational Terms<\/h3>\n\n\n\n<p>Boscoville has launched a collaborative effort to translate&nbsp;<strong>psychoeducational<\/strong>&nbsp;terms from French to English. This initiative aims to improve youth and family care services in Qu\u00e9bec by making the strengths of the psychoeducational model more accessible.&nbsp;<\/p>\n\n\n\n<div class=\"wp-block-buttons is-layout-flex wp-block-buttons-is-layout-flex\">\n<div class=\"wp-block-button is-style-accent-link\"><a class=\"wp-block-button__link wp-element-button\" href=\"https:\/\/www.boscoville.ca\/en\/?page_id=16934\">Learn More<\/a><\/div>\n<\/div>\n<\/div>\n<\/div>\n\n\n\n<div class=\"wp-block-columns is-layout-flex wp-container-core-columns-is-layout-28f84493 wp-block-columns-is-layout-flex\">\n<div class=\"wp-block-column is-layout-flow wp-block-column-is-layout-flow\" style=\"flex-basis:33.33%\">\n<figure class=\"wp-block-image size-full\"><img loading=\"lazy\" decoding=\"async\" width=\"1024\" height=\"768\" src=\"https:\/\/www.boscoville.ca\/wp-content\/uploads\/2024\/07\/IMG_1307-1024x768-1.jpg\" alt=\"prix gilles gendreau\" class=\"wp-image-14564\" style=\"object-fit:cover\" title=\"\" srcset=\"https:\/\/www.boscoville.ca\/wp-content\/uploads\/2024\/07\/IMG_1307-1024x768-1.jpg 1024w, https:\/\/www.boscoville.ca\/wp-content\/uploads\/2024\/07\/IMG_1307-1024x768-1-300x225.jpg 300w, https:\/\/www.boscoville.ca\/wp-content\/uploads\/2024\/07\/IMG_1307-1024x768-1-768x576.jpg 768w\" sizes=\"auto, (max-width: 1024px) 100vw, 1024px\" \/><\/figure>\n<\/div>\n\n\n\n<div class=\"wp-block-column is-layout-flow wp-block-column-is-layout-flow\" style=\"flex-basis:66.66%\">\n<h3 class=\"wp-block-heading has-large-font-size\">Gilles Gendreau Award<\/h3>\n\n\n\n<p>In 2018, this training received the <a href=\"https:\/\/ordrepsed.qc.ca\/ordre\/prix-et-distinctions\/\" target=\"_blank\" rel=\"noreferrer noopener\">prix Gilles Gendreau<\/a> of the <a href=\"https:\/\/ordrepsed.qc.ca\/\" target=\"_blank\" rel=\"noreferrer noopener\">Ordre des psycho\u00e9ducateurs et psycho\u00e9ducatrice du Qu\u00e9bec<\/a>.&nbsp;&nbsp;<\/p>\n\n\n\n<p>This award recognizes an approach, program or service implemented by one or more members of the Order or by a multidisciplinary team composed of at least one psychoeducator as a response to an identified need. The project must demonstrate the leadership or initiative of the psychoeducator and must be recent (must have been carried out in the last five years).<\/p>\n<\/div>\n<\/div>\n\n\n\n<p><\/p>\n\n\n\n<div style=\"height:30px\" aria-hidden=\"true\" class=\"wp-block-spacer\"><\/div>\n","protected":false},"excerpt":{"rendered":"<p>Master the principles of the psychoeducational model for the planning and evaluation of a psychoeducational activity. Training\u202fObjectives This online, self-paced training of approximately 10.5 hours aims to help you develop the skills needed to understand and apply the principles of the psychoeducational model for the planning and evaluation of psychoeducational activities. Training Description This training&hellip;<\/p>\n","protected":false},"author":5,"featured_media":14690,"parent":16958,"menu_order":0,"comment_status":"closed","ping_status":"closed","template":"","meta":{"_acf_changed":false,"_relevanssi_hide_post":"","_relevanssi_hide_content":"","_relevanssi_pin_for_all":"","_relevanssi_pin_keywords":"","_relevanssi_unpin_keywords":"","_relevanssi_related_keywords":"","_relevanssi_related_include_ids":"","_relevanssi_related_exclude_ids":"","_relevanssi_related_no_append":"","_relevanssi_related_not_related":"","_relevanssi_related_posts":"16765,16766,16767,16777","_relevanssi_noindex_reason":"","footnotes":""},"class_list":["post-16959","page","type-page","status-publish","has-post-thumbnail","hentry"],"acf":[],"_links":{"self":[{"href":"https:\/\/www.boscoville.ca\/en\/wp-json\/wp\/v2\/pages\/16959","targetHints":{"allow":["GET"]}}],"collection":[{"href":"https:\/\/www.boscoville.ca\/en\/wp-json\/wp\/v2\/pages"}],"about":[{"href":"https:\/\/www.boscoville.ca\/en\/wp-json\/wp\/v2\/types\/page"}],"author":[{"embeddable":true,"href":"https:\/\/www.boscoville.ca\/en\/wp-json\/wp\/v2\/users\/5"}],"replies":[{"embeddable":true,"href":"https:\/\/www.boscoville.ca\/en\/wp-json\/wp\/v2\/comments?post=16959"}],"version-history":[{"count":0,"href":"https:\/\/www.boscoville.ca\/en\/wp-json\/wp\/v2\/pages\/16959\/revisions"}],"up":[{"embeddable":true,"href":"https:\/\/www.boscoville.ca\/en\/wp-json\/wp\/v2\/pages\/16958"}],"wp:featuredmedia":[{"embeddable":true,"href":"https:\/\/www.boscoville.ca\/en\/wp-json\/wp\/v2\/media\/14690"}],"wp:attachment":[{"href":"https:\/\/www.boscoville.ca\/en\/wp-json\/wp\/v2\/media?parent=16959"}],"curies":[{"name":"wp","href":"https:\/\/api.w.org\/{rel}","templated":true}]}}